{"id":3096,"date":"2024-04-12T11:54:15","date_gmt":"2024-04-12T09:54:15","guid":{"rendered":"https:\/\/senatorbarcelona.com\/politique-relative-aux-cookies\/"},"modified":"2025-11-19T12:39:10","modified_gmt":"2025-11-19T11:39:10","slug":"politique-relative-aux-cookies","status":"publish","type":"page","link":"https:\/\/senatorbarcelona.com\/fr\/politique-relative-aux-cookies\/","title":{"rendered":"Politique relative aux cookies"},"content":{"rendered":"\n<div class=\"slider-wrapper relative\" id=\"slider-1709785543\" >\n    <div class=\"slider slider-nav-circle slider-nav-large slider-nav-light slider-style-normal\"\n        data-flickity-options='{\n            \"cellAlign\": \"center\",\n            \"imagesLoaded\": true,\n            \"lazyLoad\": 1,\n            \"freeScroll\": false,\n            \"wrapAround\": true,\n            \"autoPlay\": false,\n            \"pauseAutoPlayOnHover\" : true,\n            \"prevNextButtons\": false,\n            \"contain\" : true,\n            \"adaptiveHeight\" : true,\n            \"dragThreshold\" : 10,\n            \"percentPosition\": true,\n            \"pageDots\": false,\n            \"rightToLeft\": false,\n            \"draggable\": false,\n            \"selectedAttraction\": 0.1,\n            \"parallax\" : 0,\n            \"friction\": 0.6        }'\n        >\n        \n\n\n  <div class=\"banner has-hover\" id=\"banner-810678738\">\n          <div class=\"banner-inner fill\">\n        <div class=\"banner-bg fill\" >\n            <img loading=\"lazy\" decoding=\"async\" width=\"2000\" height=\"476\" src=\"https:\/\/senatorbarcelona.com\/wp-content\/uploads\/2025\/11\/header-5-sn.jpg\" class=\"bg attachment-original size-original\" alt=\"\" \/>                        <div class=\"overlay\"><\/div>            \n                    <\/div>\n\t\t\n        <div class=\"banner-layers container\">\n            <div class=\"fill banner-link\"><\/div>            \n\n   <div id=\"text-box-1422842710\" class=\"text-box banner-layer x2 md-x2 lg-x0 y95 md-y95 lg-y95 res-text\">\n                                <div class=\"text-box-content text dark\">\n              \n              <div class=\"text-inner text-center\">\n                  \n\n\t<div id=\"text-1822422536\" class=\"text\">\n\t\t\n\n<h1>Politique relative aux cookies<\/h1>\n\t\t\n<style>\n#text-1822422536 {\n  text-align: left;\n}\n<\/style>\n\t<\/div>\n\t\n\n              <\/div>\n           <\/div>\n                            \n<style>\n#text-box-1422842710 {\n  width: 86%;\n}\n#text-box-1422842710 .text-box-content {\n  font-size: 100%;\n}\n@media (min-width:550px) {\n  #text-box-1422842710 {\n    width: 100%;\n  }\n}\n<\/style>\n    <\/div>\n \n\n        <\/div>\n      <\/div>\n\n            \n<style>\n#banner-810678738 {\n  padding-top: 460px;\n}\n#banner-810678738 .overlay {\n  background-color: rgba(0, 0, 0, 0.413);\n}\n#banner-810678738 .banner-bg img {\n  object-position: 65% 10%;\n}\n@media (min-width:550px) {\n  #banner-810678738 {\n    padding-top: 30%;\n  }\n}\n@media (min-width:850px) {\n  #banner-810678738 {\n    padding-top: 220px;\n  }\n}\n<\/style>\n  <\/div>\n\n\n\n     <\/div>\n\n     <div class=\"loading-spin dark large centered\"><\/div>\n\n\t<\/div>\n\n\n\n\t<section class=\"section\" id=\"section_839340654\">\n\t\t<div class=\"section-bg fill\" >\n\t\t\t\t\t\t\t\t\t\n\t\t\t\n\n\t\t<\/div>\n\n\t\t\n\n\t\t<div class=\"section-content relative\">\n\t\t\t\n\n<div class=\"row\"  id=\"row-930230490\">\n\n\n\t<div id=\"col-724134550\" class=\"col small-12 large-12\"  >\n\t\t\t\t<div class=\"col-inner\"  >\n\t\t\t\n\t\t\t\n\n\t<div id=\"gap-1199280327\" class=\"gap-element clearfix\" style=\"display:block; height:auto;\">\n\t\t\n<style>\n#gap-1199280327 {\n  padding-top: 60px;\n}\n<\/style>\n\t<\/div>\n\t\n\n<p>Le site web <a href=\"https:\/\/www.senatorbarcelona.com\/\">www.senatorbarcelona.com<\/a> utilise des \u00ab cookies \u00bb pour personnaliser votre exp\u00e9rience en ligne.<\/p>\n<p>Un cookie est un fichier t\u00e9l\u00e9charg\u00e9 sur votre ordinateur lorsque vous consultez certaines pages web. Les cookies permettent notamment \u00e0 un site web de stocker et de r\u00e9cup\u00e9rer des informations relatives \u00e0 vos habitudes de navigation ou \u00e0 votre appareil. Selon les informations qu&rsquo;ils contiennent et votre utilisation de l&rsquo;appareil, ils peuvent \u00e9galement permettre de vous reconna\u00eetre. <\/p>\n\n\t\t<\/div>\n\t\t\t\t\t<\/div>\n\n\t\n\n\t<div id=\"col-1125105459\" class=\"col small-12 large-12\"  >\n\t\t\t\t<div class=\"col-inner\"  >\n\t\t\t\n\t\t\t\n\n\t<div id=\"gap-642481348\" class=\"gap-element clearfix\" style=\"display:block; height:auto;\">\n\t\t\n<style>\n#gap-642481348 {\n  padding-top: 30px;\n}\n<\/style>\n\t<\/div>\n\t\n\n<h2>Quels cookies utilisons-nous sur notre site web ?<\/h2>\n\t<div id=\"gap-1958749977\" class=\"gap-element clearfix\" style=\"display:block; height:auto;\">\n\t\t\n<style>\n#gap-1958749977 {\n  padding-top: 30px;\n}\n<\/style>\n\t<\/div>\n\t\n\n<p><strong>Cookies internes :<\/strong> il s\u2019agit de cookies que nous envoyons \u00e0 votre appareil depuis notre site web. Par exemple, si vous avez cr\u00e9\u00e9 un compte utilisateur, un cookie peut \u00eatre cr\u00e9\u00e9 pour m\u00e9moriser vos identifiants de connexion. <\/p>\n<p><strong>Cookies tiers :<\/strong> il s\u2019agit de cookies envoy\u00e9s \u00e0 votre ordinateur ou appareil depuis un domaine ou un site web qui n\u2019est pas g\u00e9r\u00e9 directement par nous, mais par une autre entit\u00e9 qui traite les donn\u00e9es obtenues par le biais de ces cookies. Par exemple : Google Analytics. <\/p>\n<p><strong>Cookies de session :<\/strong> Il s\u2019agit d\u2019un type de cookie con\u00e7u pour collecter et stocker des donn\u00e9es pendant votre navigation sur notre site web. Ils disparaissent d\u00e8s que vous quittez le site. <\/p>\n<p><strong>Cookies persistants :<\/strong> il s\u2019agit d\u2019un type de cookie dont les donn\u00e9es restent stock\u00e9es sur le terminal et peuvent \u00eatre consult\u00e9es et trait\u00e9es pendant une certaine p\u00e9riode.<\/p>\n<p><strong>Cookies analytiques :<\/strong> Ces cookies nous permettent de quantifier le nombre d\u2019utilisateurs et de mesurer et d\u2019analyser l\u2019utilisation de notre site web, afin d\u2019am\u00e9liorer les produits ou services que nous proposons et la mani\u00e8re dont nous les pr\u00e9sentons.<\/p>\n<p><strong>Cookies Google (Analytics et Tag Manager) :<\/strong> Ces cookies sont utilis\u00e9s pour obtenir des rapports statistiques sur le trafic du site Web et analyser le comportement de nos utilisateurs afin d\u2019am\u00e9liorer l\u2019exp\u00e9rience de navigation et d\u2019interaction.<\/p>\n\n\t\t<\/div>\n\t\t\t\t\t<\/div>\n\n\t\n\n\t<div id=\"col-995003287\" class=\"col small-12 large-12\"  >\n\t\t\t\t<div class=\"col-inner\"  >\n\t\t\t\n\t\t\t\n\n\t<div id=\"gap-1444497793\" class=\"gap-element clearfix\" style=\"display:block; height:auto;\">\n\t\t\n<style>\n#gap-1444497793 {\n  padding-top: 30px;\n}\n<\/style>\n\t<\/div>\n\t\n\n<h2>Comment puis-je configurer ou d\u00e9sactiver vos cookies ?<\/h2>\n<p>Vous pouvez autoriser, bloquer ou supprimer les cookies install\u00e9s sur votre ordinateur en configurant les param\u00e8tres de votre navigateur internet. Si vous n&rsquo;autorisez pas l&rsquo;installation de cookies, vous risquez de ne pas pouvoir acc\u00e9der \u00e0 certains services et votre exp\u00e9rience sur notre site web pourrait \u00eatre moins satisfaisante. <\/p>\n<p>Si vous utilisez Microsoft Internet Explorer, acc\u00e9dez au menu Outils, s\u00e9lectionnez Options Internet, puis l&rsquo;onglet Confidentialit\u00e9. Dans la section Param\u00e8tres, d\u00e9placez le curseur vers le haut pour bloquer tous les cookies, puis cliquez sur OK. Pour plus d&rsquo;informations, consultez le support Microsoft ou l&rsquo;aide de votre navigateur. <\/p>\n<p>Si vous utilisez Firefox pour Mac, acc\u00e9dez aux Pr\u00e9f\u00e9rences, s\u00e9lectionnez Vie priv\u00e9e, puis Afficher les cookies. Sous Windows, acc\u00e9dez \u00e0 Outils, s\u00e9lectionnez Options, puis Vie priv\u00e9e, et enfin \u00ab Utiliser les param\u00e8tres personnalis\u00e9s pour l\u2019historique \u00bb. Cochez la case Accepter les cookies pour les activer, et d\u00e9cochez-la pour les d\u00e9sactiver. Pour plus d\u2019informations, consultez l\u2019assistance Mozilla ou la section Aide de votre navigateur.  <\/p>\n<p>Si vous utilisez Safari sous iOS 8, touchez R\u00e9glages, s\u00e9lectionnez Safari, puis \u00ab Bloquer les cookies \u00bb. Choisissez \u00ab Toujours autoriser \u00bb, \u00ab Autoriser les cookies des sites web que je visite \u00bb, \u00ab Autoriser uniquement les cookies des sites web actuels \u00bb ou \u00ab Toujours bloquer \u00bb. Sous iOS 7 ou version ant\u00e9rieure, s\u00e9lectionnez \u00ab Jamais \u00bb, \u00ab Des annonceurs et des tiers \u00bb ou \u00ab Toujours \u00bb. Pour plus d\u2019informations, consultez l\u2019assistance Safari ou l\u2019aide du navigateur.   <\/p>\n<p>Si vous utilisez Google Chrome, acc\u00e9dez au menu Outils, s\u00e9lectionnez Param\u00e8tres (Pr\u00e9f\u00e9rences sur Mac), puis Param\u00e8tres avanc\u00e9s. Dans la section Confidentialit\u00e9, cochez la case Cookies dans la bo\u00eete de dialogue Param\u00e8tres de contenu. Pour bloquer tous les cookies, s\u00e9lectionnez \u00ab Bloquer les sites web qui tentent d&rsquo;enregistrer des donn\u00e9es \u00bb. Pour plus d&rsquo;informations, consultez l&rsquo;assistance Google ou l&rsquo;aide de votre navigateur.  <\/p>\n\n\t\t<\/div>\n\t\t\t\t\t<\/div>\n\n\t\n\n\t<div id=\"col-701286462\" class=\"col small-12 large-12\"  >\n\t\t\t\t<div class=\"col-inner\"  >\n\t\t\t\n\t\t\t\n\n<h2>Consentement<\/h2>\n<p>En naviguant sur notre site web, vous consentez \u00e0 l\u2019utilisation des cookies mentionn\u00e9s ci-dessus et aux conditions \u00e9nonc\u00e9es dans la pr\u00e9sente politique relative aux cookies.<\/p>\n\n\t\t<\/div>\n\t\t\t\t\t<\/div>\n\n\t\n\n<\/div>\n\n\t\t<\/div>\n\n\t\t\n<style>\n#section_839340654 {\n  padding-top: 30px;\n  padding-bottom: 30px;\n}\n<\/style>\n\t<\/section>\n\t\n\t<div id=\"gap-573345262\" class=\"gap-element clearfix\" style=\"display:block; height:auto;\">\n\t\t\n<style>\n#gap-573345262 {\n  padding-top: 60px;\n}\n<\/style>\n\t<\/div>\n\t\n\n\n","protected":false},"excerpt":{"rendered":"","protected":false},"author":1,"featured_media":0,"parent":0,"menu_order":0,"comment_status":"closed","ping_status":"closed","template":"page-transparent-header-light.php","meta":{"footnotes":""},"class_list":["post-3096","page","type-page","status-publish","hentry"],"yoast_head":"<!-- This site is optimized with the Yoast SEO plugin v26.4 - https:\/\/yoast.com\/wordpress\/plugins\/seo\/ -->\n<title>Politique relative aux cookies - Senator<\/title>\n<meta name=\"robots\" content=\"index, follow, max-snippet:-1, max-image-preview:large, max-video-preview:-1\" \/>\n<link rel=\"canonical\" href=\"https:\/\/senatorbarcelona.com\/fr\/politique-relative-aux-cookies\/\" \/>\n<meta property=\"og:locale\" content=\"fr_FR\" \/>\n<meta property=\"og:type\" content=\"article\" \/>\n<meta property=\"og:title\" content=\"Politique relative aux cookies - Senator\" \/>\n<meta property=\"og:url\" content=\"https:\/\/senatorbarcelona.com\/fr\/politique-relative-aux-cookies\/\" \/>\n<meta property=\"og:site_name\" content=\"Senator\" \/>\n<meta property=\"article:modified_time\" content=\"2025-11-19T11:39:10+00:00\" \/>\n<meta name=\"twitter:card\" content=\"summary_large_image\" \/>\n<meta name=\"twitter:label1\" content=\"Dur\u00e9e de lecture estim\u00e9e\" \/>\n\t<meta name=\"twitter:data1\" content=\"4 minutes\" \/>\n<script type=\"application\/ld+json\" class=\"yoast-schema-graph\">{\"@context\":\"https:\/\/schema.org\",\"@graph\":[{\"@type\":\"WebPage\",\"@id\":\"https:\/\/senatorbarcelona.com\/fr\/politique-relative-aux-cookies\/\",\"url\":\"https:\/\/senatorbarcelona.com\/fr\/politique-relative-aux-cookies\/\",\"name\":\"Politique relative aux cookies - Senator\",\"isPartOf\":{\"@id\":\"https:\/\/senatorbarcelona.com\/fr\/#website\"},\"datePublished\":\"2024-04-12T09:54:15+00:00\",\"dateModified\":\"2025-11-19T11:39:10+00:00\",\"breadcrumb\":{\"@id\":\"https:\/\/senatorbarcelona.com\/fr\/politique-relative-aux-cookies\/#breadcrumb\"},\"inLanguage\":\"fr-FR\",\"potentialAction\":[{\"@type\":\"ReadAction\",\"target\":[\"https:\/\/senatorbarcelona.com\/fr\/politique-relative-aux-cookies\/\"]}]},{\"@type\":\"BreadcrumbList\",\"@id\":\"https:\/\/senatorbarcelona.com\/fr\/politique-relative-aux-cookies\/#breadcrumb\",\"itemListElement\":[{\"@type\":\"ListItem\",\"position\":1,\"name\":\"Home\",\"item\":\"https:\/\/senatorbarcelona.com\/fr\/accueil\/\"},{\"@type\":\"ListItem\",\"position\":2,\"name\":\"Politique relative aux cookies\"}]},{\"@type\":\"WebSite\",\"@id\":\"https:\/\/senatorbarcelona.com\/fr\/#website\",\"url\":\"https:\/\/senatorbarcelona.com\/fr\/\",\"name\":\"Senator\",\"description\":\"\",\"publisher\":{\"@id\":\"https:\/\/senatorbarcelona.com\/fr\/#organization\"},\"potentialAction\":[{\"@type\":\"SearchAction\",\"target\":{\"@type\":\"EntryPoint\",\"urlTemplate\":\"https:\/\/senatorbarcelona.com\/fr\/?s={search_term_string}\"},\"query-input\":{\"@type\":\"PropertyValueSpecification\",\"valueRequired\":true,\"valueName\":\"search_term_string\"}}],\"inLanguage\":\"fr-FR\"},{\"@type\":\"Organization\",\"@id\":\"https:\/\/senatorbarcelona.com\/fr\/#organization\",\"name\":\"Senator\",\"url\":\"https:\/\/senatorbarcelona.com\/fr\/\",\"logo\":{\"@type\":\"ImageObject\",\"inLanguage\":\"fr-FR\",\"@id\":\"https:\/\/senatorbarcelona.com\/fr\/#\/schema\/logo\/image\/\",\"url\":\"https:\/\/senatorbarcelona.com\/wp-content\/uploads\/2025\/11\/FAVICON.png\",\"contentUrl\":\"https:\/\/senatorbarcelona.com\/wp-content\/uploads\/2025\/11\/FAVICON.png\",\"width\":512,\"height\":512,\"caption\":\"Senator\"},\"image\":{\"@id\":\"https:\/\/senatorbarcelona.com\/fr\/#\/schema\/logo\/image\/\"},\"sameAs\":[\"https:\/\/www.instagram.com\/senatorbarcelonaapartments?igsh=MXpmYXllOGRoZDFs\"]}]}<\/script>\n<!-- \/ Yoast SEO plugin. -->","yoast_head_json":{"title":"Politique relative aux cookies - Senator","robots":{"index":"index","follow":"follow","max-snippet":"max-snippet:-1","max-image-preview":"max-image-preview:large","max-video-preview":"max-video-preview:-1"},"canonical":"https:\/\/senatorbarcelona.com\/fr\/politique-relative-aux-cookies\/","og_locale":"fr_FR","og_type":"article","og_title":"Politique relative aux cookies - Senator","og_url":"https:\/\/senatorbarcelona.com\/fr\/politique-relative-aux-cookies\/","og_site_name":"Senator","article_modified_time":"2025-11-19T11:39:10+00:00","twitter_card":"summary_large_image","twitter_misc":{"Dur\u00e9e de lecture estim\u00e9e":"4 minutes"},"schema":{"@context":"https:\/\/schema.org","@graph":[{"@type":"WebPage","@id":"https:\/\/senatorbarcelona.com\/fr\/politique-relative-aux-cookies\/","url":"https:\/\/senatorbarcelona.com\/fr\/politique-relative-aux-cookies\/","name":"Politique relative aux cookies - Senator","isPartOf":{"@id":"https:\/\/senatorbarcelona.com\/fr\/#website"},"datePublished":"2024-04-12T09:54:15+00:00","dateModified":"2025-11-19T11:39:10+00:00","breadcrumb":{"@id":"https:\/\/senatorbarcelona.com\/fr\/politique-relative-aux-cookies\/#breadcrumb"},"inLanguage":"fr-FR","potentialAction":[{"@type":"ReadAction","target":["https:\/\/senatorbarcelona.com\/fr\/politique-relative-aux-cookies\/"]}]},{"@type":"BreadcrumbList","@id":"https:\/\/senatorbarcelona.com\/fr\/politique-relative-aux-cookies\/#breadcrumb","itemListElement":[{"@type":"ListItem","position":1,"name":"Home","item":"https:\/\/senatorbarcelona.com\/fr\/accueil\/"},{"@type":"ListItem","position":2,"name":"Politique relative aux cookies"}]},{"@type":"WebSite","@id":"https:\/\/senatorbarcelona.com\/fr\/#website","url":"https:\/\/senatorbarcelona.com\/fr\/","name":"Senator","description":"","publisher":{"@id":"https:\/\/senatorbarcelona.com\/fr\/#organization"},"potentialAction":[{"@type":"SearchAction","target":{"@type":"EntryPoint","urlTemplate":"https:\/\/senatorbarcelona.com\/fr\/?s={search_term_string}"},"query-input":{"@type":"PropertyValueSpecification","valueRequired":true,"valueName":"search_term_string"}}],"inLanguage":"fr-FR"},{"@type":"Organization","@id":"https:\/\/senatorbarcelona.com\/fr\/#organization","name":"Senator","url":"https:\/\/senatorbarcelona.com\/fr\/","logo":{"@type":"ImageObject","inLanguage":"fr-FR","@id":"https:\/\/senatorbarcelona.com\/fr\/#\/schema\/logo\/image\/","url":"https:\/\/senatorbarcelona.com\/wp-content\/uploads\/2025\/11\/FAVICON.png","contentUrl":"https:\/\/senatorbarcelona.com\/wp-content\/uploads\/2025\/11\/FAVICON.png","width":512,"height":512,"caption":"Senator"},"image":{"@id":"https:\/\/senatorbarcelona.com\/fr\/#\/schema\/logo\/image\/"},"sameAs":["https:\/\/www.instagram.com\/senatorbarcelonaapartments?igsh=MXpmYXllOGRoZDFs"]}]}},"_links":{"self":[{"href":"https:\/\/senatorbarcelona.com\/fr\/wp-json\/wp\/v2\/pages\/3096","targetHints":{"allow":["GET"]}}],"collection":[{"href":"https:\/\/senatorbarcelona.com\/fr\/wp-json\/wp\/v2\/pages"}],"about":[{"href":"https:\/\/senatorbarcelona.com\/fr\/wp-json\/wp\/v2\/types\/page"}],"author":[{"embeddable":true,"href":"https:\/\/senatorbarcelona.com\/fr\/wp-json\/wp\/v2\/users\/1"}],"replies":[{"embeddable":true,"href":"https:\/\/senatorbarcelona.com\/fr\/wp-json\/wp\/v2\/comments?post=3096"}],"version-history":[{"count":5,"href":"https:\/\/senatorbarcelona.com\/fr\/wp-json\/wp\/v2\/pages\/3096\/revisions"}],"predecessor-version":[{"id":3910,"href":"https:\/\/senatorbarcelona.com\/fr\/wp-json\/wp\/v2\/pages\/3096\/revisions\/3910"}],"wp:attachment":[{"href":"https:\/\/senatorbarcelona.com\/fr\/wp-json\/wp\/v2\/media?parent=3096"}],"curies":[{"name":"wp","href":"https:\/\/api.w.org\/{rel}","templated":true}]}}