{"id":3093,"date":"2024-01-26T15:27:11","date_gmt":"2024-01-26T14:27:11","guid":{"rendered":"https:\/\/senatorbarcelona.com\/legal\/"},"modified":"2025-11-19T12:26:43","modified_gmt":"2025-11-19T11:26:43","slug":"legal","status":"publish","type":"page","link":"https:\/\/senatorbarcelona.com\/fr\/legal\/","title":{"rendered":"L\u00e9gal"},"content":{"rendered":"\n<div class=\"slider-wrapper relative\" id=\"slider-380411692\" >\n    <div class=\"slider slider-nav-circle slider-nav-large slider-nav-light slider-style-normal\"\n        data-flickity-options='{\n            \"cellAlign\": \"center\",\n            \"imagesLoaded\": true,\n            \"lazyLoad\": 1,\n            \"freeScroll\": false,\n            \"wrapAround\": true,\n            \"autoPlay\": false,\n            \"pauseAutoPlayOnHover\" : true,\n            \"prevNextButtons\": false,\n            \"contain\" : true,\n            \"adaptiveHeight\" : true,\n            \"dragThreshold\" : 10,\n            \"percentPosition\": true,\n            \"pageDots\": false,\n            \"rightToLeft\": false,\n            \"draggable\": false,\n            \"selectedAttraction\": 0.1,\n            \"parallax\" : 0,\n            \"friction\": 0.6        }'\n        >\n        \n\n\n  <div class=\"banner has-hover\" id=\"banner-744016039\">\n          <div class=\"banner-inner fill\">\n        <div class=\"banner-bg fill\" >\n            <img loading=\"lazy\" decoding=\"async\" width=\"2000\" height=\"476\" src=\"https:\/\/senatorbarcelona.com\/wp-content\/uploads\/2025\/11\/header-5-sn.jpg\" class=\"bg attachment-original size-original\" alt=\"\" \/>                        <div class=\"overlay\"><\/div>            \n                    <\/div>\n\t\t\n        <div class=\"banner-layers container\">\n            <div class=\"fill banner-link\"><\/div>            \n\n   <div id=\"text-box-166650450\" class=\"text-box banner-layer x2 md-x2 lg-x0 y95 md-y95 lg-y95 res-text\">\n                                <div class=\"text-box-content text dark\">\n              \n              <div class=\"text-inner text-center\">\n                  \n\n\t<div id=\"text-152653439\" class=\"text\">\n\t\t\n\n<h1>L\u00e9gal<\/h1>\n\t\t\n<style>\n#text-152653439 {\n  text-align: left;\n}\n<\/style>\n\t<\/div>\n\t\n\n              <\/div>\n           <\/div>\n                            \n<style>\n#text-box-166650450 {\n  width: 82%;\n}\n#text-box-166650450 .text-box-content {\n  font-size: 100%;\n}\n@media (min-width:550px) {\n  #text-box-166650450 {\n    width: 100%;\n  }\n}\n<\/style>\n    <\/div>\n \n\n        <\/div>\n      <\/div>\n\n            \n<style>\n#banner-744016039 {\n  padding-top: 460px;\n}\n#banner-744016039 .overlay {\n  background-color: rgba(0, 0, 0, 0.413);\n}\n#banner-744016039 .banner-bg img {\n  object-position: 49% 10%;\n}\n@media (min-width:550px) {\n  #banner-744016039 {\n    padding-top: 30%;\n  }\n}\n@media (min-width:850px) {\n  #banner-744016039 {\n    padding-top: 220px;\n  }\n}\n<\/style>\n  <\/div>\n\n\n\n     <\/div>\n\n     <div class=\"loading-spin dark large centered\"><\/div>\n\n\t<\/div>\n\n\n\n\t<section class=\"section\" id=\"section_1432098361\">\n\t\t<div class=\"section-bg fill\" >\n\t\t\t\t\t\t\t\t\t\n\t\t\t\n\n\t\t<\/div>\n\n\t\t\n\n\t\t<div class=\"section-content relative\">\n\t\t\t\n\n<div class=\"row\"  id=\"row-992003767\">\n\n\n\t<div id=\"col-721510110\" class=\"col small-12 large-12\"  >\n\t\t\t\t<div class=\"col-inner\"  >\n\t\t\t\n\t\t\t\n\n<span><span><a href=\"https:\/\/senatorbarcelona.com\/fr\/accueil\/\">Home<\/a><\/span><\/span>\n\n\t\t<\/div>\n\t\t\t\t\t<\/div>\n\n\t\n\n<\/div>\n<div class=\"row\"  id=\"row-197396479\">\n\n\n\t<div id=\"col-454243492\" class=\"col small-12 large-12\"  >\n\t\t\t\t<div class=\"col-inner\"  >\n\t\t\t\n\t\t\t\n\n\t<div id=\"gap-71943038\" class=\"gap-element clearfix\" style=\"display:block; height:auto;\">\n\t\t\n<style>\n#gap-71943038 {\n  padding-top: 30px;\n}\n<\/style>\n\t<\/div>\n\t\n\n\t<div id=\"text-2688480596\" class=\"text\">\n\t\t\n\n<h2>Avis juridique<\/h2>\n\t\t\n<style>\n#text-2688480596 {\n  text-align: left;\n}\n<\/style>\n\t<\/div>\n\t\n\t<div id=\"text-2236304422\" class=\"text\">\n\t\t\n\n<p>Conform\u00e9ment aux dispositions de l&rsquo;article 10 de la loi 34\/2002 du 11 juillet relative aux services de la soci\u00e9t\u00e9 de l&rsquo;information et au commerce \u00e9lectronique, nous vous informons que le site www.senatorbarcelona.com est un domaine appartenant \u00e0 la soci\u00e9t\u00e9 Aparthotel Senator, SA, dont le si\u00e8ge social est situ\u00e9 Via Augusta, 167, Barcelone (08021), t\u00e9l\u00e9phone +34 93 201 14 05, fax +34 93 202 00 97 et adresse \u00e9lectronique info@senatorbarcelona.com. La soci\u00e9t\u00e9 Aparthotel Senator, SA, immatricul\u00e9e sous le num\u00e9ro A08900334 au Registre du Commerce de Barcelone, volume 23723, folio 0110, page 60258, inscription.<\/p>\n\t\t\n<style>\n#text-2236304422 {\n  text-align: left;\n}\n<\/style>\n\t<\/div>\n\t\n\t<div id=\"gap-391607805\" class=\"gap-element clearfix\" style=\"display:block; height:auto;\">\n\t\t\n<style>\n#gap-391607805 {\n  padding-top: 30px;\n}\n<\/style>\n\t<\/div>\n\t\n\n\t<div id=\"text-1429186115\" class=\"text\">\n\t\t\n\n<h2>Protection des donn\u00e9es<\/h2>\n\t\t\n<style>\n#text-1429186115 {\n  text-align: left;\n}\n<\/style>\n\t<\/div>\n\t\n\t<div id=\"text-3573928614\" class=\"text\">\n\t\t\n\n<p>Conform\u00e9ment aux dispositions de l&rsquo;article 10 de la loi 34\/2002 du 11 juillet relative aux services de la soci\u00e9t\u00e9 de l&rsquo;information et au commerce \u00e9lectronique, nous vous informons que le site www.senatorbarcelona.com est un domaine appartenant \u00e0 la soci\u00e9t\u00e9 Aparthotel Senator, SA, dont le si\u00e8ge social est situ\u00e9 Via Augusta, 167, Barcelone (08021), t\u00e9l\u00e9phone +34 93 201 14 05, fax +34 93 202 00 97 et adresse \u00e9lectronique info@senatorbarcelona.com. La soci\u00e9t\u00e9 Aparthotel Senator, SA, immatricul\u00e9e sous le num\u00e9ro A08900334 au Registre du Commerce de Barcelone, volume 23723, folio 0110, page 60258, inscription.<\/p>\n\t\t\n<style>\n#text-3573928614 {\n  text-align: left;\n}\n<\/style>\n\t<\/div>\n\t\n\t<div id=\"gap-550861594\" class=\"gap-element clearfix\" style=\"display:block; height:auto;\">\n\t\t\n<style>\n#gap-550861594 {\n  padding-top: 30px;\n}\n<\/style>\n\t<\/div>\n\t\n\n\t<div id=\"text-3131734069\" class=\"text\">\n\t\t\n\n<h2>politique de confidentialit\u00e9<\/h2>\n\t\t\n<style>\n#text-3131734069 {\n  text-align: left;\n}\n<\/style>\n\t<\/div>\n\t\n\t<div id=\"text-3906915811\" class=\"text\">\n\t\t\n\n<p>Aparthotel Senator, S.A., via son site web <a href=\"https:\/\/senatorbarcelona.com\/fr\/\">www.senatorbarcelona.com<\/a>, demande certaines donn\u00e9es personnelles \u00e0 l&rsquo;Utilisateur. Les donn\u00e9es fournies par l&rsquo;Utilisateur seront int\u00e9gr\u00e9es dans un fichier de donn\u00e9es personnelles automatis\u00e9, appartenant \u00e0 Aparthotel Senator, S.A., qui sera trait\u00e9 dans le but de fournir les services demand\u00e9s par l&rsquo;Utilisateur. L\u2019Utilisateur autorise le traitement automatis\u00e9 des donn\u00e9es personnelles fournies, n\u00e9cessaire \u00e0 la fourniture des services convenus.<\/p>\n<p>Les informations personnelles collect\u00e9es aupr\u00e8s des clients enregistr\u00e9s sont stock\u00e9es dans une base de donn\u00e9es appartenant \u00e0 Aparthotel Senator, SA, qui adopte les mesures techniques, organisationnelles et de s\u00e9curit\u00e9 garantissant la confidentialit\u00e9 et l&rsquo;int\u00e9grit\u00e9 des informations conform\u00e9ment aux dispositions de la loi organique 15\/1999 du 13 d\u00e9cembre relative \u00e0 la protection des donn\u00e9es personnelles et aux autres l\u00e9gislations applicables.<\/p>\n<p>Aparthotel Senator, SA, utilisera, par le biais de son site web, les donn\u00e9es fournies par l&rsquo;Utilisateur en interne pour l&rsquo;informer des offres et promotions susceptibles de l&rsquo;int\u00e9resser.<\/p>\n<p>L\u2019Utilisateur accepte que ses donn\u00e9es personnelles puissent \u00eatre transf\u00e9r\u00e9es \u00e0 d\u2019autres soci\u00e9t\u00e9s du groupe auquel appartient Aparthotel Senator, SA, ainsi qu\u2019\u00e0 d\u2019autres avec lesquelles elle conclut des accords de collaboration dans le seul but de fournir un meilleur service, dans le respect en tout \u00e9tat de cause de la l\u00e9gislation espagnole sur la protection des donn\u00e9es personnelles.<\/p>\n<p>Aparthotel Senator, S.A., utilisera des cookies via son site web lorsque l&rsquo;Utilisateur navigue sur le site <a href=\"https:\/\/senatorbarcelona.com\/fr\/\">www.senatorbarcelona.com<\/a>. Les cookies sont associ\u00e9s uniquement \u00e0 un utilisateur anonyme et \u00e0 son ordinateur et ne fournissent aucune r\u00e9f\u00e9rence permettant de d\u00e9duire le nom et le pr\u00e9nom de l&rsquo;utilisateur. Gr\u00e2ce aux cookies, il est possible de reconna\u00eetre les utilisateurs enregistr\u00e9s apr\u00e8s leur premi\u00e8re inscription, sans qu&rsquo;ils aient \u00e0 s&rsquo;inscrire \u00e0 chaque visite pour acc\u00e9der aux espaces et services qui leur sont exclusivement r\u00e9serv\u00e9s. L&rsquo;utilisateur a la possibilit\u00e9 d&#8217;emp\u00eacher la g\u00e9n\u00e9ration de cookies en s\u00e9lectionnant l&rsquo;option correspondante dans son navigateur.<\/p>\n<p>Tout utilisateur enregistr\u00e9 peut, \u00e0 tout moment, exercer son droit d&rsquo;acc\u00e8s, de rectification et, le cas \u00e9ch\u00e9ant, d&rsquo;effacement de ses donn\u00e9es personnelles fournies sur le site web <a href=\"https:\/\/senatorbarcelona.com\/fr\/\">www.senatorbarcelona.com<\/a>, par communication \u00e9crite adress\u00e9e \u00e0 Aparthotel Senator, S.A., Calle Via Augusta, 167, Barcelone (08021), Barcelone (Espagne). Cette communication peut \u00e9galement \u00eatre effectu\u00e9e en envoyant un courriel \u00e0 l&rsquo;adresse suivante : <a href=\"info@senatorbarcelona.com\">info@senatorbarcelona.com<\/a>.<\/p>\n\t\t\n<style>\n#text-3906915811 {\n  text-align: left;\n}\n<\/style>\n\t<\/div>\n\t\n\n\t\t<\/div>\n\t\t\t\t\t<\/div>\n\n\t\n\n<\/div>\n\t<div id=\"gap-1062866508\" class=\"gap-element clearfix\" style=\"display:block; height:auto;\">\n\t\t\n<style>\n#gap-1062866508 {\n  padding-top: 60px;\n}\n<\/style>\n\t<\/div>\n\t\n\n\n\t\t<\/div>\n\n\t\t\n<style>\n#section_1432098361 {\n  padding-top: 30px;\n  padding-bottom: 30px;\n}\n<\/style>\n\t<\/section>\n\t\n\n","protected":false},"excerpt":{"rendered":"","protected":false},"author":1,"featured_media":0,"parent":0,"menu_order":0,"comment_status":"closed","ping_status":"closed","template":"page-transparent-header-light.php","meta":{"footnotes":""},"class_list":["post-3093","page","type-page","status-publish","hentry"],"yoast_head":"<!-- This site is optimized with the Yoast SEO plugin v26.4 - https:\/\/yoast.com\/wordpress\/plugins\/seo\/ -->\n<title>L\u00e9gal - Senator<\/title>\n<meta name=\"robots\" content=\"index, follow, max-snippet:-1, max-image-preview:large, max-video-preview:-1\" \/>\n<link rel=\"canonical\" href=\"https:\/\/senatorbarcelona.com\/fr\/legal\/\" \/>\n<meta property=\"og:locale\" content=\"fr_FR\" \/>\n<meta property=\"og:type\" content=\"article\" \/>\n<meta property=\"og:title\" content=\"L\u00e9gal - Senator\" \/>\n<meta property=\"og:url\" content=\"https:\/\/senatorbarcelona.com\/fr\/legal\/\" \/>\n<meta property=\"og:site_name\" content=\"Senator\" \/>\n<meta property=\"article:modified_time\" content=\"2025-11-19T11:26:43+00:00\" \/>\n<meta name=\"twitter:card\" content=\"summary_large_image\" \/>\n<meta name=\"twitter:label1\" content=\"Dur\u00e9e de lecture estim\u00e9e\" \/>\n\t<meta name=\"twitter:data1\" content=\"4 minutes\" \/>\n<script type=\"application\/ld+json\" class=\"yoast-schema-graph\">{\"@context\":\"https:\/\/schema.org\",\"@graph\":[{\"@type\":\"WebPage\",\"@id\":\"https:\/\/senatorbarcelona.com\/fr\/legal\/\",\"url\":\"https:\/\/senatorbarcelona.com\/fr\/legal\/\",\"name\":\"L\u00e9gal - Senator\",\"isPartOf\":{\"@id\":\"https:\/\/senatorbarcelona.com\/fr\/#website\"},\"datePublished\":\"2024-01-26T14:27:11+00:00\",\"dateModified\":\"2025-11-19T11:26:43+00:00\",\"breadcrumb\":{\"@id\":\"https:\/\/senatorbarcelona.com\/fr\/legal\/#breadcrumb\"},\"inLanguage\":\"fr-FR\",\"potentialAction\":[{\"@type\":\"ReadAction\",\"target\":[\"https:\/\/senatorbarcelona.com\/fr\/legal\/\"]}]},{\"@type\":\"BreadcrumbList\",\"@id\":\"https:\/\/senatorbarcelona.com\/fr\/legal\/#breadcrumb\",\"itemListElement\":[{\"@type\":\"ListItem\",\"position\":1,\"name\":\"Home\",\"item\":\"https:\/\/senatorbarcelona.com\/fr\/accueil\/\"},{\"@type\":\"ListItem\",\"position\":2,\"name\":\"L\u00e9gal\"}]},{\"@type\":\"WebSite\",\"@id\":\"https:\/\/senatorbarcelona.com\/fr\/#website\",\"url\":\"https:\/\/senatorbarcelona.com\/fr\/\",\"name\":\"Senator\",\"description\":\"\",\"publisher\":{\"@id\":\"https:\/\/senatorbarcelona.com\/fr\/#organization\"},\"potentialAction\":[{\"@type\":\"SearchAction\",\"target\":{\"@type\":\"EntryPoint\",\"urlTemplate\":\"https:\/\/senatorbarcelona.com\/fr\/?s={search_term_string}\"},\"query-input\":{\"@type\":\"PropertyValueSpecification\",\"valueRequired\":true,\"valueName\":\"search_term_string\"}}],\"inLanguage\":\"fr-FR\"},{\"@type\":\"Organization\",\"@id\":\"https:\/\/senatorbarcelona.com\/fr\/#organization\",\"name\":\"Senator\",\"url\":\"https:\/\/senatorbarcelona.com\/fr\/\",\"logo\":{\"@type\":\"ImageObject\",\"inLanguage\":\"fr-FR\",\"@id\":\"https:\/\/senatorbarcelona.com\/fr\/#\/schema\/logo\/image\/\",\"url\":\"https:\/\/senatorbarcelona.com\/wp-content\/uploads\/2025\/11\/FAVICON.png\",\"contentUrl\":\"https:\/\/senatorbarcelona.com\/wp-content\/uploads\/2025\/11\/FAVICON.png\",\"width\":512,\"height\":512,\"caption\":\"Senator\"},\"image\":{\"@id\":\"https:\/\/senatorbarcelona.com\/fr\/#\/schema\/logo\/image\/\"},\"sameAs\":[\"https:\/\/www.instagram.com\/senatorbarcelonaapartments?igsh=MXpmYXllOGRoZDFs\"]}]}<\/script>\n<!-- \/ Yoast SEO plugin. -->","yoast_head_json":{"title":"L\u00e9gal - Senator","robots":{"index":"index","follow":"follow","max-snippet":"max-snippet:-1","max-image-preview":"max-image-preview:large","max-video-preview":"max-video-preview:-1"},"canonical":"https:\/\/senatorbarcelona.com\/fr\/legal\/","og_locale":"fr_FR","og_type":"article","og_title":"L\u00e9gal - Senator","og_url":"https:\/\/senatorbarcelona.com\/fr\/legal\/","og_site_name":"Senator","article_modified_time":"2025-11-19T11:26:43+00:00","twitter_card":"summary_large_image","twitter_misc":{"Dur\u00e9e de lecture estim\u00e9e":"4 minutes"},"schema":{"@context":"https:\/\/schema.org","@graph":[{"@type":"WebPage","@id":"https:\/\/senatorbarcelona.com\/fr\/legal\/","url":"https:\/\/senatorbarcelona.com\/fr\/legal\/","name":"L\u00e9gal - Senator","isPartOf":{"@id":"https:\/\/senatorbarcelona.com\/fr\/#website"},"datePublished":"2024-01-26T14:27:11+00:00","dateModified":"2025-11-19T11:26:43+00:00","breadcrumb":{"@id":"https:\/\/senatorbarcelona.com\/fr\/legal\/#breadcrumb"},"inLanguage":"fr-FR","potentialAction":[{"@type":"ReadAction","target":["https:\/\/senatorbarcelona.com\/fr\/legal\/"]}]},{"@type":"BreadcrumbList","@id":"https:\/\/senatorbarcelona.com\/fr\/legal\/#breadcrumb","itemListElement":[{"@type":"ListItem","position":1,"name":"Home","item":"https:\/\/senatorbarcelona.com\/fr\/accueil\/"},{"@type":"ListItem","position":2,"name":"L\u00e9gal"}]},{"@type":"WebSite","@id":"https:\/\/senatorbarcelona.com\/fr\/#website","url":"https:\/\/senatorbarcelona.com\/fr\/","name":"Senator","description":"","publisher":{"@id":"https:\/\/senatorbarcelona.com\/fr\/#organization"},"potentialAction":[{"@type":"SearchAction","target":{"@type":"EntryPoint","urlTemplate":"https:\/\/senatorbarcelona.com\/fr\/?s={search_term_string}"},"query-input":{"@type":"PropertyValueSpecification","valueRequired":true,"valueName":"search_term_string"}}],"inLanguage":"fr-FR"},{"@type":"Organization","@id":"https:\/\/senatorbarcelona.com\/fr\/#organization","name":"Senator","url":"https:\/\/senatorbarcelona.com\/fr\/","logo":{"@type":"ImageObject","inLanguage":"fr-FR","@id":"https:\/\/senatorbarcelona.com\/fr\/#\/schema\/logo\/image\/","url":"https:\/\/senatorbarcelona.com\/wp-content\/uploads\/2025\/11\/FAVICON.png","contentUrl":"https:\/\/senatorbarcelona.com\/wp-content\/uploads\/2025\/11\/FAVICON.png","width":512,"height":512,"caption":"Senator"},"image":{"@id":"https:\/\/senatorbarcelona.com\/fr\/#\/schema\/logo\/image\/"},"sameAs":["https:\/\/www.instagram.com\/senatorbarcelonaapartments?igsh=MXpmYXllOGRoZDFs"]}]}},"_links":{"self":[{"href":"https:\/\/senatorbarcelona.com\/fr\/wp-json\/wp\/v2\/pages\/3093","targetHints":{"allow":["GET"]}}],"collection":[{"href":"https:\/\/senatorbarcelona.com\/fr\/wp-json\/wp\/v2\/pages"}],"about":[{"href":"https:\/\/senatorbarcelona.com\/fr\/wp-json\/wp\/v2\/types\/page"}],"author":[{"embeddable":true,"href":"https:\/\/senatorbarcelona.com\/fr\/wp-json\/wp\/v2\/users\/1"}],"replies":[{"embeddable":true,"href":"https:\/\/senatorbarcelona.com\/fr\/wp-json\/wp\/v2\/comments?post=3093"}],"version-history":[{"count":4,"href":"https:\/\/senatorbarcelona.com\/fr\/wp-json\/wp\/v2\/pages\/3093\/revisions"}],"predecessor-version":[{"id":3897,"href":"https:\/\/senatorbarcelona.com\/fr\/wp-json\/wp\/v2\/pages\/3093\/revisions\/3897"}],"wp:attachment":[{"href":"https:\/\/senatorbarcelona.com\/fr\/wp-json\/wp\/v2\/media?parent=3093"}],"curies":[{"name":"wp","href":"https:\/\/api.w.org\/{rel}","templated":true}]}}