{"id":3115,"date":"2024-04-12T11:54:15","date_gmt":"2024-04-12T09:54:15","guid":{"rendered":"https:\/\/senatorbarcelona.com\/politica-de-cookies\/"},"modified":"2025-11-19T11:53:41","modified_gmt":"2025-11-19T10:53:41","slug":"politica-de-cookies","status":"publish","type":"page","link":"https:\/\/senatorbarcelona.com\/ca\/politica-de-cookies\/","title":{"rendered":"Pol\u00edtica de cookies"},"content":{"rendered":"\n<div class=\"slider-wrapper relative\" id=\"slider-746649754\" >\n    <div class=\"slider slider-nav-circle slider-nav-large slider-nav-light slider-style-normal\"\n        data-flickity-options='{\n            \"cellAlign\": \"center\",\n            \"imagesLoaded\": true,\n            \"lazyLoad\": 1,\n            \"freeScroll\": false,\n            \"wrapAround\": true,\n            \"autoPlay\": false,\n            \"pauseAutoPlayOnHover\" : true,\n            \"prevNextButtons\": false,\n            \"contain\" : true,\n            \"adaptiveHeight\" : true,\n            \"dragThreshold\" : 10,\n            \"percentPosition\": true,\n            \"pageDots\": false,\n            \"rightToLeft\": false,\n            \"draggable\": false,\n            \"selectedAttraction\": 0.1,\n            \"parallax\" : 0,\n            \"friction\": 0.6        }'\n        >\n        \n\n\n  <div class=\"banner has-hover\" id=\"banner-2138688719\">\n          <div class=\"banner-inner fill\">\n        <div class=\"banner-bg fill\" >\n            <img loading=\"lazy\" decoding=\"async\" width=\"2000\" height=\"476\" src=\"https:\/\/senatorbarcelona.com\/wp-content\/uploads\/2025\/11\/header-5-sn.jpg\" class=\"bg attachment-original size-original\" alt=\"\" \/>                        <div class=\"overlay\"><\/div>            \n                    <\/div>\n\t\t\n        <div class=\"banner-layers container\">\n            <div class=\"fill banner-link\"><\/div>            \n\n   <div id=\"text-box-1310605452\" class=\"text-box banner-layer x2 md-x2 lg-x0 y95 md-y95 lg-y95 res-text\">\n                                <div class=\"text-box-content text dark\">\n              \n              <div class=\"text-inner text-center\">\n                  \n\n\t<div id=\"text-1612680807\" class=\"text\">\n\t\t\n\n<h1>Pol\u00edtica de cookies<\/h1>\n\t\t\n<style>\n#text-1612680807 {\n  text-align: left;\n}\n<\/style>\n\t<\/div>\n\t\n\n              <\/div>\n           <\/div>\n                            \n<style>\n#text-box-1310605452 {\n  width: 86%;\n}\n#text-box-1310605452 .text-box-content {\n  font-size: 100%;\n}\n@media (min-width:550px) {\n  #text-box-1310605452 {\n    width: 100%;\n  }\n}\n<\/style>\n    <\/div>\n \n\n        <\/div>\n      <\/div>\n\n            \n<style>\n#banner-2138688719 {\n  padding-top: 460px;\n}\n#banner-2138688719 .overlay {\n  background-color: rgba(0, 0, 0, 0.413);\n}\n#banner-2138688719 .banner-bg img {\n  object-position: 65% 10%;\n}\n@media (min-width:550px) {\n  #banner-2138688719 {\n    padding-top: 30%;\n  }\n}\n@media (min-width:850px) {\n  #banner-2138688719 {\n    padding-top: 220px;\n  }\n}\n<\/style>\n  <\/div>\n\n\n\n     <\/div>\n\n     <div class=\"loading-spin dark large centered\"><\/div>\n\n\t<\/div>\n\n\n\n\t<section class=\"section\" id=\"section_492410396\">\n\t\t<div class=\"section-bg fill\" >\n\t\t\t\t\t\t\t\t\t\n\t\t\t\n\n\t\t<\/div>\n\n\t\t\n\n\t\t<div class=\"section-content relative\">\n\t\t\t\n\n<div class=\"row\"  id=\"row-453270002\">\n\n\n\t<div id=\"col-496981675\" class=\"col small-12 large-12\"  >\n\t\t\t\t<div class=\"col-inner\"  >\n\t\t\t\n\t\t\t\n\n\t<div id=\"gap-855470142\" class=\"gap-element clearfix\" style=\"display:block; height:auto;\">\n\t\t\n<style>\n#gap-855470142 {\n  padding-top: 60px;\n}\n<\/style>\n\t<\/div>\n\t\n\n<p>El lloc web <a href=\"https:\/\/www.senatorbarcelona.com\/\">www.senatorbarcelona.com<\/a> utilitza \u201ccookies\u201d per ajudar-lo a personalitzar la seva experi\u00e8ncia en l\u00ednia.<\/p>\n<p>Una cookie \u00e9s un fitxer que es descarrega al vostre ordinador en accedir a determinades p\u00e0gines web. Les cookies permeten a una p\u00e0gina web, entre altres coses, emmagatzemar i recuperar informaci\u00f3 sobre els h\u00e0bits de navegaci\u00f3 d\u2019un usuari o del seu equip i, depenent de la informaci\u00f3 que continguin i de la manera com s\u2019utilitzi l\u2019equip, poden servir per recon\u00e8ixer l\u2019usuari. <\/p>\n\n\t\t<\/div>\n\t\t\t\t\t<\/div>\n\n\t\n\n\t<div id=\"col-1702259334\" class=\"col small-12 large-12\"  >\n\t\t\t\t<div class=\"col-inner\"  >\n\t\t\t\n\t\t\t\n\n\t<div id=\"gap-1328658410\" class=\"gap-element clearfix\" style=\"display:block; height:auto;\">\n\t\t\n<style>\n#gap-1328658410 {\n  padding-top: 30px;\n}\n<\/style>\n\t<\/div>\n\t\n\n<h2>Quines cookies fem servir al nostre web?<\/h2>\n\t<div id=\"gap-516168832\" class=\"gap-element clearfix\" style=\"display:block; height:auto;\">\n\t\t\n<style>\n#gap-516168832 {\n  padding-top: 30px;\n}\n<\/style>\n\t<\/div>\n\t\n\n<p><strong>Cookies pr\u00f2pies: <\/strong>S\u00f3n aquelles que enviem al vostre dispositiu des del nostre lloc web. Per exemple, si us heu registrat al vostre compte d\u2019usuari, \u00e9s possible que tingueu una cookie per recordar les vostres dades d\u2019acc\u00e9s. <\/p>\n<p><strong>Cookies de tercers: <\/strong>S\u00f3n aquelles que s\u2019envien al vostre ordinador o dispositiu des d\u2019un domini o una p\u00e0gina web que no \u00e9s gestionada directament per nosaltres, sin\u00f3 per una altra entitat que tracta les dades obtingudes a trav\u00e9s de les cookies. Per exemple: Google Analytics. <\/p>\n<p><strong>Cookies de sessi\u00f3:<\/strong> S\u00f3n un tipus de cookies dissenyades per recollir i emmagatzemar dades mentre accediu al nostre web. Un cop en sortiu, desapareixen. <\/p>\n<p><strong>Cookies persistents:<\/strong> S\u00f3n un tipus de cookies en qu\u00e8 les dades continuen emmagatzemades al dispositiu i poden ser accessibles i tractades durant un per\u00edode de temps determinat.<\/p>\n<p><strong>Cookies d\u2019an\u00e0lisi:<\/strong> S\u00f3n aquelles que permeten quantificar el nombre d\u2019usuaris i mesurar i analitzar com s\u2019utilitza el nostre web, amb la finalitat de millorar l\u2019oferta de productes o serveis que oferim i la manera com els presentem.<\/p>\n<p>Cookies de Google (Analytics i Tag Manager): Aquestes cookies s\u2019utilitzen per obtenir informes estad\u00edstics del tr\u00e0nsit del lloc web i per analitzar el comportament dels nostres usuaris amb l\u2019objectiu de millorar l\u2019experi\u00e8ncia de navegaci\u00f3 i interacci\u00f3.<\/p>\n\n\t\t<\/div>\n\t\t\t\t\t<\/div>\n\n\t\n\n\t<div id=\"col-1952501895\" class=\"col small-12 large-12\"  >\n\t\t\t\t<div class=\"col-inner\"  >\n\t\t\t\n\t\t\t\n\n\t<div id=\"gap-447798901\" class=\"gap-element clearfix\" style=\"display:block; height:auto;\">\n\t\t\n<style>\n#gap-447798901 {\n  padding-top: 30px;\n}\n<\/style>\n\t<\/div>\n\t\n\n<h2>Com puc configurar o desactivar les cookies?<\/h2>\n<p>Podeu permetre, bloquejar o eliminar les cookies instal\u00b7lades al vostre equip mitjan\u00e7ant la configuraci\u00f3 de les opcions del vostre navegador d\u2019internet. En cas que no permeteu la instal\u00b7laci\u00f3 de cookies al vostre navegador, \u00e9s possible que no pugueu accedir a alguns dels serveis i que la vostra experi\u00e8ncia al nostre web sigui menys satisfact\u00f2ria. <\/p>\n<p>Si utilitzeu Microsoft Internet Explorer, a l\u2019opci\u00f3 del men\u00fa Eines, seleccioneu Opcions d\u2019Internet, accediu a Privadesa i, a Configuraci\u00f3, moveu el control lliscant completament cap amunt per bloquejar totes les cookies i despr\u00e9s premeu o feu clic a D\u2019acord. <\/p>\n<p>Si utilitzeu Firefox per a Mac, a l\u2019opci\u00f3 del men\u00fa Prefer\u00e8ncies, seleccioneu Privadesa, accediu a l\u2019apartat Mostra les cookies. Per a Windows, a l\u2019opci\u00f3 del men\u00fa Eines, seleccioneu Opcions, accediu a Privadesa i despr\u00e9s a \u201cUtilitza una configuraci\u00f3 personalitzada per a l\u2019historial\u201d. Marqueu l\u2019opci\u00f3 Accepta les cookies per activar-les i desmarqueu-la per desactivar-les. Per a m\u00e9s informaci\u00f3, podeu consultar el suport de Mozilla o l\u2019ajuda del navegador.  <\/p>\n<p>Si utilitzeu Safari (iOS 8), premeu Configuraci\u00f3, seleccioneu Safari i, tot seguit, \u201cBloqueja les cookies\u201d. Trieu \u201cPermet sempre\u201d, \u201cPermet dels llocs que visito\u201d, \u201cPermet nom\u00e9s dels llocs web actuals\u201d o \u201cBloqueja sempre\u201d. En iOS 7 o versions anteriors, seleccioneu \u201cMai\u201d, \u201cDe publicitat i tercers\u201d o \u201cSempre\u201d. Per a m\u00e9s informaci\u00f3, podeu consultar el suport de Safari o l\u2019ajuda del navegador.   <\/p>\n<p>Si utilitzeu Google Chrome, a l\u2019opci\u00f3 del men\u00fa Eines, seleccioneu Configuraci\u00f3 (Prefer\u00e8ncies en Mac), accediu a Opcions avan\u00e7ades i, a la secci\u00f3 Privadesa, marqueu Cookies al di\u00e0leg Configuraci\u00f3 de contingut. Per bloquejar totes les cookies, seleccioneu \u201cNo permetre que es desin dades dels llocs\u201d. Per a m\u00e9s informaci\u00f3, podeu consultar el suport de Google o l\u2019ajuda del navegador.  <\/p>\n\n\t\t<\/div>\n\t\t\t\t\t<\/div>\n\n\t\n\n\t<div id=\"col-1453441369\" class=\"col small-12 large-12\"  >\n\t\t\t\t<div class=\"col-inner\"  >\n\t\t\t\n\t\t\t\n\n<h2>Consentiment<\/h2>\n<p>En navegar i continuar al nostre web, ens indiqueu que esteu consentint l\u2019\u00fas de les cookies abans esmentades i les condicions contingudes en la present Pol\u00edtica de cookies.<\/p>\n\n\t\t<\/div>\n\t\t\t\t\t<\/div>\n\n\t\n\n<\/div>\n\n\t\t<\/div>\n\n\t\t\n<style>\n#section_492410396 {\n  padding-top: 30px;\n  padding-bottom: 30px;\n}\n<\/style>\n\t<\/section>\n\t\n\t<div id=\"gap-786894569\" class=\"gap-element clearfix\" style=\"display:block; height:auto;\">\n\t\t\n<style>\n#gap-786894569 {\n  padding-top: 60px;\n}\n<\/style>\n\t<\/div>\n\t\n\n\n","protected":false},"excerpt":{"rendered":"","protected":false},"author":1,"featured_media":0,"parent":0,"menu_order":0,"comment_status":"closed","ping_status":"closed","template":"page-transparent-header-light.php","meta":{"footnotes":""},"class_list":["post-3115","page","type-page","status-publish","hentry"],"yoast_head":"<!-- This site is optimized with the Yoast SEO plugin v26.4 - https:\/\/yoast.com\/wordpress\/plugins\/seo\/ -->\n<title>Pol\u00edtica de cookies - Senator<\/title>\n<meta name=\"robots\" content=\"index, follow, max-snippet:-1, max-image-preview:large, max-video-preview:-1\" \/>\n<link rel=\"canonical\" href=\"https:\/\/senatorbarcelona.com\/ca\/politica-de-cookies\/\" \/>\n<meta property=\"og:locale\" content=\"ca_ES\" \/>\n<meta property=\"og:type\" content=\"article\" \/>\n<meta property=\"og:title\" content=\"Pol\u00edtica de cookies - Senator\" \/>\n<meta property=\"og:url\" content=\"https:\/\/senatorbarcelona.com\/ca\/politica-de-cookies\/\" \/>\n<meta property=\"og:site_name\" content=\"Senator\" \/>\n<meta property=\"article:modified_time\" content=\"2025-11-19T10:53:41+00:00\" \/>\n<meta name=\"twitter:card\" content=\"summary_large_image\" \/>\n<meta name=\"twitter:label1\" content=\"Temps estimat de lectura\" \/>\n\t<meta name=\"twitter:data1\" content=\"4 minuts\" \/>\n<script type=\"application\/ld+json\" class=\"yoast-schema-graph\">{\"@context\":\"https:\/\/schema.org\",\"@graph\":[{\"@type\":\"WebPage\",\"@id\":\"https:\/\/senatorbarcelona.com\/ca\/politica-de-cookies\/\",\"url\":\"https:\/\/senatorbarcelona.com\/ca\/politica-de-cookies\/\",\"name\":\"Pol\u00edtica de cookies - Senator\",\"isPartOf\":{\"@id\":\"https:\/\/senatorbarcelona.com\/ca\/#website\"},\"datePublished\":\"2024-04-12T09:54:15+00:00\",\"dateModified\":\"2025-11-19T10:53:41+00:00\",\"breadcrumb\":{\"@id\":\"https:\/\/senatorbarcelona.com\/ca\/politica-de-cookies\/#breadcrumb\"},\"inLanguage\":\"ca\",\"potentialAction\":[{\"@type\":\"ReadAction\",\"target\":[\"https:\/\/senatorbarcelona.com\/ca\/politica-de-cookies\/\"]}]},{\"@type\":\"BreadcrumbList\",\"@id\":\"https:\/\/senatorbarcelona.com\/ca\/politica-de-cookies\/#breadcrumb\",\"itemListElement\":[{\"@type\":\"ListItem\",\"position\":1,\"name\":\"Home\",\"item\":\"https:\/\/senatorbarcelona.com\/ca\/inici\/\"},{\"@type\":\"ListItem\",\"position\":2,\"name\":\"Pol\u00edtica de cookies\"}]},{\"@type\":\"WebSite\",\"@id\":\"https:\/\/senatorbarcelona.com\/ca\/#website\",\"url\":\"https:\/\/senatorbarcelona.com\/ca\/\",\"name\":\"Senator\",\"description\":\"\",\"publisher\":{\"@id\":\"https:\/\/senatorbarcelona.com\/ca\/#organization\"},\"potentialAction\":[{\"@type\":\"SearchAction\",\"target\":{\"@type\":\"EntryPoint\",\"urlTemplate\":\"https:\/\/senatorbarcelona.com\/ca\/?s={search_term_string}\"},\"query-input\":{\"@type\":\"PropertyValueSpecification\",\"valueRequired\":true,\"valueName\":\"search_term_string\"}}],\"inLanguage\":\"ca\"},{\"@type\":\"Organization\",\"@id\":\"https:\/\/senatorbarcelona.com\/ca\/#organization\",\"name\":\"Senator\",\"url\":\"https:\/\/senatorbarcelona.com\/ca\/\",\"logo\":{\"@type\":\"ImageObject\",\"inLanguage\":\"ca\",\"@id\":\"https:\/\/senatorbarcelona.com\/ca\/#\/schema\/logo\/image\/\",\"url\":\"https:\/\/senatorbarcelona.com\/wp-content\/uploads\/2025\/11\/FAVICON.png\",\"contentUrl\":\"https:\/\/senatorbarcelona.com\/wp-content\/uploads\/2025\/11\/FAVICON.png\",\"width\":512,\"height\":512,\"caption\":\"Senator\"},\"image\":{\"@id\":\"https:\/\/senatorbarcelona.com\/ca\/#\/schema\/logo\/image\/\"},\"sameAs\":[\"https:\/\/www.instagram.com\/senatorbarcelonaapartments?igsh=MXpmYXllOGRoZDFs\"]}]}<\/script>\n<!-- \/ Yoast SEO plugin. -->","yoast_head_json":{"title":"Pol\u00edtica de cookies - Senator","robots":{"index":"index","follow":"follow","max-snippet":"max-snippet:-1","max-image-preview":"max-image-preview:large","max-video-preview":"max-video-preview:-1"},"canonical":"https:\/\/senatorbarcelona.com\/ca\/politica-de-cookies\/","og_locale":"ca_ES","og_type":"article","og_title":"Pol\u00edtica de cookies - Senator","og_url":"https:\/\/senatorbarcelona.com\/ca\/politica-de-cookies\/","og_site_name":"Senator","article_modified_time":"2025-11-19T10:53:41+00:00","twitter_card":"summary_large_image","twitter_misc":{"Temps estimat de lectura":"4 minuts"},"schema":{"@context":"https:\/\/schema.org","@graph":[{"@type":"WebPage","@id":"https:\/\/senatorbarcelona.com\/ca\/politica-de-cookies\/","url":"https:\/\/senatorbarcelona.com\/ca\/politica-de-cookies\/","name":"Pol\u00edtica de cookies - Senator","isPartOf":{"@id":"https:\/\/senatorbarcelona.com\/ca\/#website"},"datePublished":"2024-04-12T09:54:15+00:00","dateModified":"2025-11-19T10:53:41+00:00","breadcrumb":{"@id":"https:\/\/senatorbarcelona.com\/ca\/politica-de-cookies\/#breadcrumb"},"inLanguage":"ca","potentialAction":[{"@type":"ReadAction","target":["https:\/\/senatorbarcelona.com\/ca\/politica-de-cookies\/"]}]},{"@type":"BreadcrumbList","@id":"https:\/\/senatorbarcelona.com\/ca\/politica-de-cookies\/#breadcrumb","itemListElement":[{"@type":"ListItem","position":1,"name":"Home","item":"https:\/\/senatorbarcelona.com\/ca\/inici\/"},{"@type":"ListItem","position":2,"name":"Pol\u00edtica de cookies"}]},{"@type":"WebSite","@id":"https:\/\/senatorbarcelona.com\/ca\/#website","url":"https:\/\/senatorbarcelona.com\/ca\/","name":"Senator","description":"","publisher":{"@id":"https:\/\/senatorbarcelona.com\/ca\/#organization"},"potentialAction":[{"@type":"SearchAction","target":{"@type":"EntryPoint","urlTemplate":"https:\/\/senatorbarcelona.com\/ca\/?s={search_term_string}"},"query-input":{"@type":"PropertyValueSpecification","valueRequired":true,"valueName":"search_term_string"}}],"inLanguage":"ca"},{"@type":"Organization","@id":"https:\/\/senatorbarcelona.com\/ca\/#organization","name":"Senator","url":"https:\/\/senatorbarcelona.com\/ca\/","logo":{"@type":"ImageObject","inLanguage":"ca","@id":"https:\/\/senatorbarcelona.com\/ca\/#\/schema\/logo\/image\/","url":"https:\/\/senatorbarcelona.com\/wp-content\/uploads\/2025\/11\/FAVICON.png","contentUrl":"https:\/\/senatorbarcelona.com\/wp-content\/uploads\/2025\/11\/FAVICON.png","width":512,"height":512,"caption":"Senator"},"image":{"@id":"https:\/\/senatorbarcelona.com\/ca\/#\/schema\/logo\/image\/"},"sameAs":["https:\/\/www.instagram.com\/senatorbarcelonaapartments?igsh=MXpmYXllOGRoZDFs"]}]}},"_links":{"self":[{"href":"https:\/\/senatorbarcelona.com\/ca\/wp-json\/wp\/v2\/pages\/3115","targetHints":{"allow":["GET"]}}],"collection":[{"href":"https:\/\/senatorbarcelona.com\/ca\/wp-json\/wp\/v2\/pages"}],"about":[{"href":"https:\/\/senatorbarcelona.com\/ca\/wp-json\/wp\/v2\/types\/page"}],"author":[{"embeddable":true,"href":"https:\/\/senatorbarcelona.com\/ca\/wp-json\/wp\/v2\/users\/1"}],"replies":[{"embeddable":true,"href":"https:\/\/senatorbarcelona.com\/ca\/wp-json\/wp\/v2\/comments?post=3115"}],"version-history":[{"count":4,"href":"https:\/\/senatorbarcelona.com\/ca\/wp-json\/wp\/v2\/pages\/3115\/revisions"}],"predecessor-version":[{"id":3821,"href":"https:\/\/senatorbarcelona.com\/ca\/wp-json\/wp\/v2\/pages\/3115\/revisions\/3821"}],"wp:attachment":[{"href":"https:\/\/senatorbarcelona.com\/ca\/wp-json\/wp\/v2\/media?parent=3115"}],"curies":[{"name":"wp","href":"https:\/\/api.w.org\/{rel}","templated":true}]}}