{"id":2923,"date":"2024-01-26T15:27:11","date_gmt":"2024-01-26T14:27:11","guid":{"rendered":"https:\/\/senatorbarcelona.com\/legal\/"},"modified":"2025-11-19T11:59:19","modified_gmt":"2025-11-19T10:59:19","slug":"legal","status":"publish","type":"page","link":"https:\/\/senatorbarcelona.com\/ca\/legal\/","title":{"rendered":"Legal"},"content":{"rendered":"\n<div class=\"slider-wrapper relative\" id=\"slider-1000400460\" >\n    <div class=\"slider slider-nav-circle slider-nav-large slider-nav-light slider-style-normal\"\n        data-flickity-options='{\n            \"cellAlign\": \"center\",\n            \"imagesLoaded\": true,\n            \"lazyLoad\": 1,\n            \"freeScroll\": false,\n            \"wrapAround\": true,\n            \"autoPlay\": false,\n            \"pauseAutoPlayOnHover\" : true,\n            \"prevNextButtons\": false,\n            \"contain\" : true,\n            \"adaptiveHeight\" : true,\n            \"dragThreshold\" : 10,\n            \"percentPosition\": true,\n            \"pageDots\": false,\n            \"rightToLeft\": false,\n            \"draggable\": false,\n            \"selectedAttraction\": 0.1,\n            \"parallax\" : 0,\n            \"friction\": 0.6        }'\n        >\n        \n\n\n  <div class=\"banner has-hover\" id=\"banner-1210038390\">\n          <div class=\"banner-inner fill\">\n        <div class=\"banner-bg fill\" >\n            <img loading=\"lazy\" decoding=\"async\" width=\"2000\" height=\"476\" src=\"https:\/\/senatorbarcelona.com\/wp-content\/uploads\/2025\/11\/header-5-sn.jpg\" class=\"bg attachment-original size-original\" alt=\"\" \/>                        <div class=\"overlay\"><\/div>            \n                    <\/div>\n\t\t\n        <div class=\"banner-layers container\">\n            <div class=\"fill banner-link\"><\/div>            \n\n   <div id=\"text-box-1351711381\" class=\"text-box banner-layer x2 md-x2 lg-x0 y95 md-y95 lg-y95 res-text\">\n                                <div class=\"text-box-content text dark\">\n              \n              <div class=\"text-inner text-center\">\n                  \n\n\t<div id=\"text-3316543095\" class=\"text\">\n\t\t\n\n<h1>Legal<\/h1>\n\t\t\n<style>\n#text-3316543095 {\n  text-align: left;\n}\n<\/style>\n\t<\/div>\n\t\n\n              <\/div>\n           <\/div>\n                            \n<style>\n#text-box-1351711381 {\n  width: 82%;\n}\n#text-box-1351711381 .text-box-content {\n  font-size: 100%;\n}\n@media (min-width:550px) {\n  #text-box-1351711381 {\n    width: 100%;\n  }\n}\n<\/style>\n    <\/div>\n \n\n        <\/div>\n      <\/div>\n\n            \n<style>\n#banner-1210038390 {\n  padding-top: 460px;\n}\n#banner-1210038390 .overlay {\n  background-color: rgba(0, 0, 0, 0.413);\n}\n#banner-1210038390 .banner-bg img {\n  object-position: 49% 10%;\n}\n@media (min-width:550px) {\n  #banner-1210038390 {\n    padding-top: 30%;\n  }\n}\n@media (min-width:850px) {\n  #banner-1210038390 {\n    padding-top: 220px;\n  }\n}\n<\/style>\n  <\/div>\n\n\n\n     <\/div>\n\n     <div class=\"loading-spin dark large centered\"><\/div>\n\n\t<\/div>\n\n\n\n\t<section class=\"section\" id=\"section_1787309622\">\n\t\t<div class=\"section-bg fill\" >\n\t\t\t\t\t\t\t\t\t\n\t\t\t\n\n\t\t<\/div>\n\n\t\t\n\n\t\t<div class=\"section-content relative\">\n\t\t\t\n\n<div class=\"row\"  id=\"row-627118008\">\n\n\n\t<div id=\"col-190027030\" class=\"col small-12 large-12\"  >\n\t\t\t\t<div class=\"col-inner\"  >\n\t\t\t\n\t\t\t\n\n<span><span><a href=\"https:\/\/senatorbarcelona.com\/ca\/inici\/\">Home<\/a><\/span><\/span>\n\n\t\t<\/div>\n\t\t\t\t\t<\/div>\n\n\t\n\n<\/div>\n<div class=\"row\"  id=\"row-1964556481\">\n\n\n\t<div id=\"col-1577193071\" class=\"col small-12 large-12\"  >\n\t\t\t\t<div class=\"col-inner\"  >\n\t\t\t\n\t\t\t\n\n\t<div id=\"gap-1321128323\" class=\"gap-element clearfix\" style=\"display:block; height:auto;\">\n\t\t\n<style>\n#gap-1321128323 {\n  padding-top: 30px;\n}\n<\/style>\n\t<\/div>\n\t\n\n\t<div id=\"text-3577463575\" class=\"text\">\n\t\t\n\n<h2>Av\u00eds Legal<\/h2>\n\t\t\n<style>\n#text-3577463575 {\n  text-align: left;\n}\n<\/style>\n\t<\/div>\n\t\n\t<div id=\"text-1900307609\" class=\"text\">\n\t\t\n\n<p>En compliment del que disposa l\u2019article 10 de la Llei 34\/2002, d\u201911 de juliol, de Serveis de la Societat de la Informaci\u00f3 i de Comer\u00e7 Electr\u00f2nic, s\u2019informa que www.senatorbarcelona.com \u00e9s un domini de l\u2019empresa Aparthotel Senator, S.A., amb domicili social al carrer Via Augusta, 167, Barcelona (08021), tel\u00e8fon +34 93 201 14 05, fax +34 93 202 00 97 i correu electr\u00f2nic info@senatorbarcelona.com.<br>La societat Aparthotel Senator, S.A., amb CIF A08900334, figura inscrita al Registre Mercantil de Barcelona, tom 23723, foli 0110, full 60258, inscripci\u00f3.<\/p>\n\t\t\n<style>\n#text-1900307609 {\n  text-align: left;\n}\n<\/style>\n\t<\/div>\n\t\n\t<div id=\"gap-87555048\" class=\"gap-element clearfix\" style=\"display:block; height:auto;\">\n\t\t\n<style>\n#gap-87555048 {\n  padding-top: 30px;\n}\n<\/style>\n\t<\/div>\n\t\n\n\t<div id=\"text-1892624283\" class=\"text\">\n\t\t\n\n<h2>Protecci\u00f3 de dades<\/h2>\n\t\t\n<style>\n#text-1892624283 {\n  text-align: left;\n}\n<\/style>\n\t<\/div>\n\t\n\t<div id=\"text-17907565\" class=\"text\">\n\t\t\n\n<p>En compliment del que disposa l\u2019article 10 de la Llei 34\/2002, d\u201911 de juliol, de Serveis de la Societat de la Informaci\u00f3 i de Comer\u00e7 Electr\u00f2nic, s\u2019informa que www.senatorbarcelona.com \u00e9s un domini de l\u2019empresa Aparthotel Senator, S.A., amb domicili social al carrer Via Augusta, 167, Barcelona (08021), tel\u00e8fon +34 93 201 14 05, fax +34 93 202 00 97 i correu electr\u00f2nic info@senatorbarcelona.com.<br>La societat Aparthotel Senator, S.A., amb CIF A08900334, figura inscrita al Registre Mercantil de Barcelona, tom 23723, foli 0110, full 60258, inscripci\u00f3.<\/p>\n\t\t\n<style>\n#text-17907565 {\n  text-align: left;\n}\n<\/style>\n\t<\/div>\n\t\n\t<div id=\"gap-463132454\" class=\"gap-element clearfix\" style=\"display:block; height:auto;\">\n\t\t\n<style>\n#gap-463132454 {\n  padding-top: 30px;\n}\n<\/style>\n\t<\/div>\n\t\n\n\t<div id=\"text-1724023642\" class=\"text\">\n\t\t\n\n<h2>Pol\u00edtica de privacitat<\/h2>\n\t\t\n<style>\n#text-1724023642 {\n  text-align: left;\n}\n<\/style>\n\t<\/div>\n\t\n\t<div id=\"text-1610755791\" class=\"text\">\n\t\t\n\n<p>Aparthotel Senator, S.A., a trav\u00e9s de su web <a href=\"https:\/\/senatorbarcelona.com\/ca\/\">www.senatorbarcelona.com<\/a>, solicita al Usuario ciertos datos de car\u00e1cter personal. Les dades subministrades per l&#8217;usuari quedaran incorporades a un fitxer automatitzat de dades de car\u00e0cter personal, titularitat d&#8217;Aparthotel Senator, SA, el qual ser\u00e0 tractat amb la finalitat de prestar els serveis sol\u00b7licitats per l&#8217;usuari. L\u2019Usuari autoritza el tractament automatitzat de les dades personals subministrades, necess\u00e0ries per a la prestaci\u00f3 dels serveis pactats.<\/p>\n<p>La informaci\u00f3 personal recollida dels clients registrats s\u2019emmagatzema en una base de dades propietat d\u2019Aparthotel Senator, S.A., que adopta les mesures de car\u00e0cter t\u00e8cnic, organitzatiu i de seguretat que garanteixen la confidencialitat i la integritat de la informaci\u00f3, d\u2019acord amb el que estableix la Llei Org\u00e0nica 15\/1999, de 13 de desembre, de Protecci\u00f3 de Dades de Car\u00e0cter Personal, i la resta de legislaci\u00f3 aplicable.<\/p>\n<p>Aparthotel Senator, S.A., a trav\u00e9s del seu web, utilitzar\u00e0 les dades subministrades per l\u2019Usuari de manera interna per donar a con\u00e8ixer a l\u2019Usuari ofertes i promocions que pugui considerar d\u2019inter\u00e8s per a aquest.<\/p>\n<p>L\u2019Usuari accepta que les seves dades personals siguin cedides a altres empreses del grup al qual pertany Aparthotel Senator, S.A., aix\u00ed com a altres amb les quals conclogui acords de col\u00b7laboraci\u00f3, amb l\u2019\u00fanica finalitat de garantir una millor prestaci\u00f3 del servei, respectant en tot cas la legislaci\u00f3 espanyola sobre protecci\u00f3 de dades de car\u00e0cter personal.<\/p>\n<p>Aparthotel Senator, S.A.,a trav\u00e9s de su web, utilizar\u00e1 cookies cuando el Usuario navegue por el sitio web <a href=\"https:\/\/senatorbarcelona.com\/ca\/\">www.enatorbarcelona.com<\/a>. Les cookies s&#8217;associen \u00fanicament amb un Usuari an\u00f2nim i el vostre ordinador i no proporcionen refer\u00e8ncies que permetin deduir el nom i els cognoms de l&#8217;Usuari. Gr\u00e0cies a les cookies, resulta possible recon\u00e8ixer els usuaris registrats despr\u00e9s que aquests s&#8217;hagin registrat per primera vegada, sense que s&#8217;hagin de registrar a cada visita per accedir a les \u00e0rees i serveis reservats exclusivament per a ells. L&#8217;Usuari t\u00e9 l&#8217;opci\u00f3 d&#8217;impedir la generaci\u00f3 de cookies mitjan\u00e7ant la selecci\u00f3 de l&#8217;opci\u00f3 corresponent al vostre navegador.<\/p>\n<p>Qualsevol usuari registrat pot, en qualsevol moment, exercir el dret d&#8217;acc\u00e9s, rectificaci\u00f3 i, si escau, cancel\u00b7laci\u00f3 de les seves dades de car\u00e0cter personal subministrades al web <a href=\"https:\/\/senatorbarcelona.com\/ca\/\">www.senatorbarcelona.com<\/a>, mitjan\u00e7ant comunicaci\u00f3 escrita adre\u00e7ada a Aparthotel Senator, SA, Carrer Via Augusta, 167, Barcelona (08021), Barcelona (Espanya). Aquesta comunicaci\u00f3 tamb\u00e9 es pot fer mitjan\u00e7ant l&#8217;enviament d&#8217;un correu electr\u00f2nic a l&#8217;adre\u00e7a: <a href=\"info@senatorbarcelona.com\">info@senatorbarcelona.com<\/a>.<\/p>\n\t\t\n<style>\n#text-1610755791 {\n  text-align: left;\n}\n<\/style>\n\t<\/div>\n\t\n\n\t\t<\/div>\n\t\t\t\t\t<\/div>\n\n\t\n\n<\/div>\n\t<div id=\"gap-1138425601\" class=\"gap-element clearfix\" style=\"display:block; height:auto;\">\n\t\t\n<style>\n#gap-1138425601 {\n  padding-top: 60px;\n}\n<\/style>\n\t<\/div>\n\t\n\n\n\t\t<\/div>\n\n\t\t\n<style>\n#section_1787309622 {\n  padding-top: 30px;\n  padding-bottom: 30px;\n}\n<\/style>\n\t<\/section>\n\t\n\n","protected":false},"excerpt":{"rendered":"","protected":false},"author":1,"featured_media":0,"parent":0,"menu_order":0,"comment_status":"closed","ping_status":"closed","template":"page-transparent-header-light.php","meta":{"footnotes":""},"class_list":["post-2923","page","type-page","status-publish","hentry"],"yoast_head":"<!-- This site is optimized with the Yoast SEO plugin v26.4 - https:\/\/yoast.com\/wordpress\/plugins\/seo\/ -->\n<title>Legal - Senator<\/title>\n<meta name=\"robots\" content=\"index, follow, max-snippet:-1, max-image-preview:large, max-video-preview:-1\" \/>\n<link rel=\"canonical\" href=\"https:\/\/senatorbarcelona.com\/ca\/legal\/\" \/>\n<meta property=\"og:locale\" content=\"ca_ES\" \/>\n<meta property=\"og:type\" content=\"article\" \/>\n<meta property=\"og:title\" content=\"Legal - Senator\" \/>\n<meta property=\"og:url\" content=\"https:\/\/senatorbarcelona.com\/ca\/legal\/\" \/>\n<meta property=\"og:site_name\" content=\"Senator\" \/>\n<meta property=\"article:modified_time\" content=\"2025-11-19T10:59:19+00:00\" \/>\n<meta name=\"twitter:card\" content=\"summary_large_image\" \/>\n<meta name=\"twitter:label1\" content=\"Temps estimat de lectura\" \/>\n\t<meta name=\"twitter:data1\" content=\"4 minuts\" \/>\n<script type=\"application\/ld+json\" class=\"yoast-schema-graph\">{\"@context\":\"https:\/\/schema.org\",\"@graph\":[{\"@type\":\"WebPage\",\"@id\":\"https:\/\/senatorbarcelona.com\/ca\/legal\/\",\"url\":\"https:\/\/senatorbarcelona.com\/ca\/legal\/\",\"name\":\"Legal - Senator\",\"isPartOf\":{\"@id\":\"https:\/\/senatorbarcelona.com\/ca\/#website\"},\"datePublished\":\"2024-01-26T14:27:11+00:00\",\"dateModified\":\"2025-11-19T10:59:19+00:00\",\"breadcrumb\":{\"@id\":\"https:\/\/senatorbarcelona.com\/ca\/legal\/#breadcrumb\"},\"inLanguage\":\"ca\",\"potentialAction\":[{\"@type\":\"ReadAction\",\"target\":[\"https:\/\/senatorbarcelona.com\/ca\/legal\/\"]}]},{\"@type\":\"BreadcrumbList\",\"@id\":\"https:\/\/senatorbarcelona.com\/ca\/legal\/#breadcrumb\",\"itemListElement\":[{\"@type\":\"ListItem\",\"position\":1,\"name\":\"Home\",\"item\":\"https:\/\/senatorbarcelona.com\/ca\/inici\/\"},{\"@type\":\"ListItem\",\"position\":2,\"name\":\"Legal\"}]},{\"@type\":\"WebSite\",\"@id\":\"https:\/\/senatorbarcelona.com\/ca\/#website\",\"url\":\"https:\/\/senatorbarcelona.com\/ca\/\",\"name\":\"Senator\",\"description\":\"\",\"publisher\":{\"@id\":\"https:\/\/senatorbarcelona.com\/ca\/#organization\"},\"potentialAction\":[{\"@type\":\"SearchAction\",\"target\":{\"@type\":\"EntryPoint\",\"urlTemplate\":\"https:\/\/senatorbarcelona.com\/ca\/?s={search_term_string}\"},\"query-input\":{\"@type\":\"PropertyValueSpecification\",\"valueRequired\":true,\"valueName\":\"search_term_string\"}}],\"inLanguage\":\"ca\"},{\"@type\":\"Organization\",\"@id\":\"https:\/\/senatorbarcelona.com\/ca\/#organization\",\"name\":\"Senator\",\"url\":\"https:\/\/senatorbarcelona.com\/ca\/\",\"logo\":{\"@type\":\"ImageObject\",\"inLanguage\":\"ca\",\"@id\":\"https:\/\/senatorbarcelona.com\/ca\/#\/schema\/logo\/image\/\",\"url\":\"https:\/\/senatorbarcelona.com\/wp-content\/uploads\/2025\/11\/FAVICON.png\",\"contentUrl\":\"https:\/\/senatorbarcelona.com\/wp-content\/uploads\/2025\/11\/FAVICON.png\",\"width\":512,\"height\":512,\"caption\":\"Senator\"},\"image\":{\"@id\":\"https:\/\/senatorbarcelona.com\/ca\/#\/schema\/logo\/image\/\"},\"sameAs\":[\"https:\/\/www.instagram.com\/senatorbarcelonaapartments?igsh=MXpmYXllOGRoZDFs\"]}]}<\/script>\n<!-- \/ Yoast SEO plugin. -->","yoast_head_json":{"title":"Legal - Senator","robots":{"index":"index","follow":"follow","max-snippet":"max-snippet:-1","max-image-preview":"max-image-preview:large","max-video-preview":"max-video-preview:-1"},"canonical":"https:\/\/senatorbarcelona.com\/ca\/legal\/","og_locale":"ca_ES","og_type":"article","og_title":"Legal - Senator","og_url":"https:\/\/senatorbarcelona.com\/ca\/legal\/","og_site_name":"Senator","article_modified_time":"2025-11-19T10:59:19+00:00","twitter_card":"summary_large_image","twitter_misc":{"Temps estimat de lectura":"4 minuts"},"schema":{"@context":"https:\/\/schema.org","@graph":[{"@type":"WebPage","@id":"https:\/\/senatorbarcelona.com\/ca\/legal\/","url":"https:\/\/senatorbarcelona.com\/ca\/legal\/","name":"Legal - Senator","isPartOf":{"@id":"https:\/\/senatorbarcelona.com\/ca\/#website"},"datePublished":"2024-01-26T14:27:11+00:00","dateModified":"2025-11-19T10:59:19+00:00","breadcrumb":{"@id":"https:\/\/senatorbarcelona.com\/ca\/legal\/#breadcrumb"},"inLanguage":"ca","potentialAction":[{"@type":"ReadAction","target":["https:\/\/senatorbarcelona.com\/ca\/legal\/"]}]},{"@type":"BreadcrumbList","@id":"https:\/\/senatorbarcelona.com\/ca\/legal\/#breadcrumb","itemListElement":[{"@type":"ListItem","position":1,"name":"Home","item":"https:\/\/senatorbarcelona.com\/ca\/inici\/"},{"@type":"ListItem","position":2,"name":"Legal"}]},{"@type":"WebSite","@id":"https:\/\/senatorbarcelona.com\/ca\/#website","url":"https:\/\/senatorbarcelona.com\/ca\/","name":"Senator","description":"","publisher":{"@id":"https:\/\/senatorbarcelona.com\/ca\/#organization"},"potentialAction":[{"@type":"SearchAction","target":{"@type":"EntryPoint","urlTemplate":"https:\/\/senatorbarcelona.com\/ca\/?s={search_term_string}"},"query-input":{"@type":"PropertyValueSpecification","valueRequired":true,"valueName":"search_term_string"}}],"inLanguage":"ca"},{"@type":"Organization","@id":"https:\/\/senatorbarcelona.com\/ca\/#organization","name":"Senator","url":"https:\/\/senatorbarcelona.com\/ca\/","logo":{"@type":"ImageObject","inLanguage":"ca","@id":"https:\/\/senatorbarcelona.com\/ca\/#\/schema\/logo\/image\/","url":"https:\/\/senatorbarcelona.com\/wp-content\/uploads\/2025\/11\/FAVICON.png","contentUrl":"https:\/\/senatorbarcelona.com\/wp-content\/uploads\/2025\/11\/FAVICON.png","width":512,"height":512,"caption":"Senator"},"image":{"@id":"https:\/\/senatorbarcelona.com\/ca\/#\/schema\/logo\/image\/"},"sameAs":["https:\/\/www.instagram.com\/senatorbarcelonaapartments?igsh=MXpmYXllOGRoZDFs"]}]}},"_links":{"self":[{"href":"https:\/\/senatorbarcelona.com\/ca\/wp-json\/wp\/v2\/pages\/2923","targetHints":{"allow":["GET"]}}],"collection":[{"href":"https:\/\/senatorbarcelona.com\/ca\/wp-json\/wp\/v2\/pages"}],"about":[{"href":"https:\/\/senatorbarcelona.com\/ca\/wp-json\/wp\/v2\/types\/page"}],"author":[{"embeddable":true,"href":"https:\/\/senatorbarcelona.com\/ca\/wp-json\/wp\/v2\/users\/1"}],"replies":[{"embeddable":true,"href":"https:\/\/senatorbarcelona.com\/ca\/wp-json\/wp\/v2\/comments?post=2923"}],"version-history":[{"count":7,"href":"https:\/\/senatorbarcelona.com\/ca\/wp-json\/wp\/v2\/pages\/2923\/revisions"}],"predecessor-version":[{"id":3831,"href":"https:\/\/senatorbarcelona.com\/ca\/wp-json\/wp\/v2\/pages\/2923\/revisions\/3831"}],"wp:attachment":[{"href":"https:\/\/senatorbarcelona.com\/ca\/wp-json\/wp\/v2\/media?parent=2923"}],"curies":[{"name":"wp","href":"https:\/\/api.w.org\/{rel}","templated":true}]}}